{"id":344,"date":"2021-06-24T12:53:52","date_gmt":"2021-06-24T10:53:52","guid":{"rendered":"http:\/\/garein.fr\/?page_id=344"},"modified":"2022-03-11T19:11:39","modified_gmt":"2022-03-11T18:11:39","slug":"actualites-intramuros","status":"publish","type":"page","link":"http:\/\/garein.fr\/?page_id=344","title":{"rendered":"Agenda &#8211; IntraMuros"},"content":{"rendered":"\n<div class=\"wp-block-cover has-background-dim\" style=\"background-image:url(http:\/\/garein.fr\/wp-content\/uploads\/2021\/09\/intramuros5.jpg);background-position:62% 54%;min-height:50px\"><div class=\"wp-block-cover__inner-container\">\n<p class=\"has-text-align-center has-white-color has-text-color has-text-vertical-align\" style=\"font-size:40px\"><strong>AGENDA IntraMuros<\/strong><\/p>\n<\/div><\/div>\n\n\n\n<h3 class=\"has-white-color has-text-color has-background\" style=\"background-color:#dcb414\">Retrouvez les \u00e9v\u00e8nements \u00e0 venir de la <strong>commune de Garein<\/strong><\/h3>\n\n\n\n<script type=\"text\/javascript\">\nwindow.intramurosCityId = 1714;\nwindow.intramurosAggloId = 225;\nwindow.zoom = 1;\nwindow.containerSizeEvent = 'medium';\nwindow.dateFilter = 1;\nwindow.itemPerPageEvent = 10;\nwindow.imageMaxHeight = 0;\nwindow.backgroundColor = '#ffffff';\n<\/script>\n<script type=\"text\/javascript\" charset=\"UTF-8\" src=\"https:\/\/widget.intramuros.org\/js\/3.3.0\/agenda.js\" async><\/script>\n<div id=\"intramuros_events\"><\/div>\n\n\n\n<figure class=\"wp-block-image size-large is-resized\"><img loading=\"lazy\" src=\"http:\/\/garein.fr\/wp-content\/uploads\/2021\/06\/intra-muros-1.jpg\" alt=\"\" class=\"wp-image-361\" width=\"117\" height=\"115\"\/><\/figure>\n\n\n\n<p><\/p>\n","protected":false},"excerpt":{"rendered":"<p>Retrouvez les \u00e9v\u00e8nements \u00e0 venir de la commune de Garein<\/p>\n","protected":false},"author":1,"featured_media":0,"parent":0,"menu_order":0,"comment_status":"closed","ping_status":"closed","template":"template-full-width.php","meta":[],"_links":{"self":[{"href":"http:\/\/garein.fr\/index.php?rest_route=\/wp\/v2\/pages\/344"}],"collection":[{"href":"http:\/\/garein.fr\/index.php?rest_route=\/wp\/v2\/pages"}],"about":[{"href":"http:\/\/garein.fr\/index.php?rest_route=\/wp\/v2\/types\/page"}],"author":[{"embeddable":true,"href":"http:\/\/garein.fr\/index.php?rest_route=\/wp\/v2\/users\/1"}],"replies":[{"embeddable":true,"href":"http:\/\/garein.fr\/index.php?rest_route=%2Fwp%2Fv2%2Fcomments&post=344"}],"version-history":[{"count":31,"href":"http:\/\/garein.fr\/index.php?rest_route=\/wp\/v2\/pages\/344\/revisions"}],"predecessor-version":[{"id":1717,"href":"http:\/\/garein.fr\/index.php?rest_route=\/wp\/v2\/pages\/344\/revisions\/1717"}],"wp:attachment":[{"href":"http:\/\/garein.fr\/index.php?rest_route=%2Fwp%2Fv2%2Fmedia&parent=344"}],"curies":[{"name":"wp","href":"https:\/\/api.w.org\/{rel}","templated":true}]}}