{"id":189,"date":"2021-06-04T12:15:25","date_gmt":"2021-06-04T10:15:25","guid":{"rendered":"http:\/\/garein.fr\/?page_id=189"},"modified":"2025-03-13T11:16:52","modified_gmt":"2025-03-13T10:16:52","slug":"ram","status":"publish","type":"page","link":"http:\/\/garein.fr\/?page_id=189","title":{"rendered":"PETITE ENFANCE"},"content":{"rendered":"\n<div class=\"wp-block-cover has-background-dim\" style=\"background-image:url(http:\/\/garein.fr\/wp-content\/uploads\/2021\/09\/petite-enfance.jpg);background-position:41% 73%;min-height:50px\"><div class=\"wp-block-cover__inner-container\">\n<p class=\"has-text-align-center has-white-color has-text-color has-text-vertical-align\" style=\"font-size:40px\"><strong>PETITE<\/strong> <strong>ENFANCE <\/strong><\/p>\n<\/div><\/div>\n\n\n\n<h3 class=\"has-white-color has-text-color has-background\" style=\"background-color:#dcb414\"><strong><strong><strong>Service public de la petite enfance dans les Landes.<\/strong><\/strong><\/strong><\/h3>\n\n\n\n<h3>Le portail  de la petite enfance, con\u00e7u par les Caf et la Cnaf,<\/h3>\n\n\n\n<p>propose un accompagnement de qualit\u00e9 aux parents et aux professionnels de la petite enfance, de la jeunesse et de la parentalit\u00e9. Son objectif premier est d\u2019offrir un acc\u00e8s gratuit et adapt\u00e9 aux informations et services en ligne existants dans ce domaine. Dans ce portail national sont r\u00e9f\u00e9renc\u00e9s la quasi-totalit\u00e9 des structures d\u2019accueil destin\u00e9es aux jeunes enfants (cr\u00e8che, accueil de loisirs, etc.), des services existants pour informer et accompagner les parents de jeunes enfants (lieu d\u2019accueil parents-enfants, relais d\u2019assistants maternels, service de m\u00e9diation familiale\u2026) mais \u00e9galement des assistants maternels actuellement en activit\u00e9. Acc\u00e9dez au site en suivant ce lien : <strong><a href=\"https:\/\/monenfant.fr\/je-suis-un-parent\">monenfant.fr<\/a><\/strong><\/p>\n\n\n\n<h3>La page petite enfancedu d\u00e9partement des Landes<\/h3>\n\n\n\n<p>L\u2019action du Conseil d\u00e9partemental\u00a0en direction des jeunes landaises et landais, de leur naissance jusqu\u2019\u00e0 leur prise d\u2019autonomie, porte essentiellement sur 3 axes : <br>\u25ba\u00a0la pr\u00e9vention sociale et m\u00e9dico-sociale<br>\u25ba\u00a0l\u2019accompagnement en mati\u00e8re d\u2019accueil de la petite enfance<br>\u25ba\u00a0la protection des enfants en danger ou en risque de l\u2019\u00eatre.<\/p>\n\n\n\n<p>Acc\u00e9dez au site en suivant ce lien : <a href=\"https:\/\/www.landes.fr\/enfance-famille\"><strong>enfance-famille<\/strong><\/a><\/p>\n\n\n\n<h3 class=\"has-white-color has-text-color has-background\" style=\"background-color:#dcb414\"><strong><strong><strong>L&#8217;assistance maternelle &#8230;<\/strong><\/strong><\/strong><\/h3>\n\n\n\n<h5><strong>Les Relais d&#8217;Assistants Maternels<\/strong><\/h5>\n\n\n\n<p>Le&nbsp;Relais d\u2019Assistants Maternels (RAM) est un service mis \u00e0 la disposition des assistants maternels, des parents ou futurs parents ayant de jeunes enfants, des gardes \u00e0 domicile et des candidates \u00e0 l&#8217;agr\u00e9ment.<\/p>\n\n\n\n<h2><strong>Parents et futurs parents :<\/strong><\/h2>\n\n\n\n<p>Des personnes qualifi\u00e9es :<\/p>\n\n\n\n<ul><li>Vous orienteront dans votre recherche de mode de garde<\/li><li>Vous accompagneront dans vos d\u00e9marches, (contrat de travail, d\u00e9claration Pajemploi, po\u0302le-emploi &#8230;) &nbsp;<\/li><li>Vous informeront sur les droits et devoirs du parent employeur<\/li><\/ul>\n\n\n\n<h2><strong>Assistants Maternels et gardes \u00e0 domicile :<\/strong><\/h2>\n\n\n\n<ul><li>Un lieu d\u2019information sur les d\u00e9marches \u00e0 effectuer pour exercer le m\u00e9tier<\/li><li>Un lieu d\u2019\u00e9changes qui contribue au d\u00e9veloppement de la qualit\u00e9 d\u2019accueil individuel, notamment par l&#8217;organisation de r\u00e9unions \u00e0 th\u00e8me concernant la petite enfance et la r\u00e9glementation en vigueur<\/li><li>L\u2019animation d\u2019ateliers collectifs<\/li><li>Un soutien \u00e0 la pratique professionnelle (formations\u2026)<\/li><\/ul>\n\n\n\n<h2><strong>Les ateliers du Relais Petite Enfance ont lieu&nbsp;:<\/strong><\/h2>\n\n\n\n<ul><li><strong>Le Mardi \u00e0 Labrit, <\/strong>salle du RPE, dans les locaux du centre de loisirs de Labrit<\/li><li><strong>le Jeudi en itin\u00e9rance <\/strong>(sur une commune du territoire) selon la th\u00e9matique propos\u00e9e.<\/li><li><strong>Le vendredi en Alternance<\/strong> une semaine sur deux \u00e0 <strong>Labrit<\/strong> salle du RPE \/ \u00e0 <strong>Garein<\/strong> (petite salle derri\u00e8re la mairie).<\/li><\/ul>\n\n\n\n<h2><strong>Lieu accueil enfants\/parents (LAEP) \u00ab&nbsp;La Parent&#8217;aile\u00bb<\/strong>&nbsp;<\/h2>\n\n\n\n<p><strong><em>La Parent \u2018aile<\/em><\/strong><em> <\/em>est un lieu convivial de jeux, d\u2019\u00e9changes, d\u2019\u00e9coute, d\u2019int\u00e9gration et de socialisation, encadr\u00e9 par deux accueillantes. Il est ouvert aux enfants de moins de 6 ans accompagn\u00e9s d\u2019un parent ou d\u2019un proche. <strong>La Parent \u2018aile<\/strong> permet \u00e0 l\u2019enfant de se d\u00e9tacher petit \u00e0 petit de l\u2019adulte qui l\u2019accompagne tout en \u00e9tant s\u00e9curis\u00e9 par sa pr\u00e9sence qui maintient un climat rassurant. Les deux accueillantes qui assurent l\u2019accueil et l\u2019animation, peuvent \u00e9galement \u00eatre un soutien dans la relation parent-enfant.<\/p>\n\n\n\n<p><strong>La Parent \u2019aile<\/strong> fonctionne uniquement en p\u00e9riode scolaire de 8h45 jusqu&#8217;\u00e0 11h45 les :<\/p>\n\n\n\n<ul><li><strong>Lundis \u00e0 PISSOS<\/strong>&nbsp;: Ancienne \u00e9cole (route des Lacs), Salle du RPE.&nbsp;&nbsp;<\/li><li><strong>Mercredis \u00e0 LABRIT<\/strong>&nbsp;: &nbsp;Centre de loisirs, Salle du RPE.&nbsp;&nbsp;&nbsp;<\/li><li><strong>Vendredis \u00e0 LABOUHEYRE&nbsp;: <\/strong>Maison des Associations, Salle du RPE.&nbsp;&nbsp;&nbsp;&nbsp;&nbsp;&nbsp;&nbsp;&nbsp;&nbsp;&nbsp;&nbsp;&nbsp;&nbsp;&nbsp;&nbsp;&nbsp;&nbsp;&nbsp;&nbsp;&nbsp;&nbsp;&nbsp;&nbsp;&nbsp;&nbsp;&nbsp;&nbsp;&nbsp;&nbsp;&nbsp;&nbsp;&nbsp;&nbsp;&nbsp; &nbsp;&nbsp;&nbsp;&nbsp;&nbsp;&nbsp;&nbsp;&nbsp;&nbsp;&nbsp;&nbsp;&nbsp;&nbsp;&nbsp;<\/li><\/ul>\n\n\n\n<p>Planning des jours d\u2019ouverture visible sur le site de la CCCHL&nbsp;: <a rel=\"noreferrer noopener\" href=\"https:\/\/www.coeurhautelande.fr\/Communaute-de-communes\/Enfance-et-Jeunesse\/Le-Service-Petite-Enfance\/Lieu-d-Accueil-Enfants-Parents\" target=\"_blank\"><strong>https:\/\/www.coeurhautelande.fr\/Communaute-de-communes\/Enfance-et-Jeunesse\/Le-Service-Petite-Enfance\/Lieu-d-Accueil-Enfants-Parents<\/strong><\/a><\/p>\n\n\n\n<h4 class=\"has-black-color has-text-color has-medium-font-size\"><strong>Pour tous renseignements <\/strong><\/h4>\n\n\n\n<p><strong>Patricia BRANENX \u2013 Conseill\u00e8re Petite Enfance<\/strong> -Relais Petit Enfance CCCHL &#8211; Secteur LABRIT &#8211; 1209 route de roquefort \u00e0 labrit (dans les locaux du centre de loisirs). 06 73 30 06 19 &#8211; <strong><em>ram.labrit@coeurhautelande.fr<\/em><\/strong><\/p>\n\n\n\n<p><a rel=\"noreferrer noopener\" href=\"https:\/\/www.coeurhautelande.fr\/Communaute-de-communes\/Enfance-et-Jeunesse\/Le-Service-Petite-Enfance\/Les-Relais-d-Assistants-Maternels\" target=\"_blank\"><strong>https:\/\/www.coeurhautelande.fr\/Communaute-de-communes\/Enfance-et-Jeunesse\/Le-Service-Petite-Enfance\/Les-Relais-d-Assistants-Maternels<\/strong><\/a><\/p>\n\n\n\n<h4 class=\"has-black-color has-text-color has-medium-font-size\"><strong>En cas d&#8217;absence, contactez <\/strong><\/h4>\n\n\n\n<p>Nati CLAVE \u2013 Conseill\u00e8re Petite Enfance &#8211; Relais Petit Enfance CCCHL &#8211; Secteur PISSOS &#8211; 06 85 65 11 71 \u2013 <strong><em>ram.pissos@coeurhautelande.fr<\/em><\/strong><\/p>\n\n\n\n<p>S\u00e9verine PENOT &#8211; Conseill\u00e8re Petite Enfance &#8211; Relais Petit Enfance CCCHL &#8211; Secteur LABOUHEYRE &#8211; 06 32.41.25.82 \u2013 <strong><em>ram.labouheyre@coeurhautelande.fr<\/em><\/strong><\/p>\n","protected":false},"excerpt":{"rendered":"<p>Service public de la petite enfance dans les Landes. Le portail de la petite enfance, con\u00e7u par les Caf et la Cnaf, propose un accompagnement de qualit\u00e9 aux parents et aux professionnels de la petite enfance, de la jeunesse et de la parentalit\u00e9. Son objectif premier est d\u2019offrir un acc\u00e8s gratuit et adapt\u00e9 aux informations <a class=\"read-more\" href=\"http:\/\/garein.fr\/?page_id=189\">&#8230; En savoir plus &#8230;<\/a><\/p>\n","protected":false},"author":1,"featured_media":0,"parent":0,"menu_order":0,"comment_status":"closed","ping_status":"closed","template":"template-full-width.php","meta":[],"_links":{"self":[{"href":"http:\/\/garein.fr\/index.php?rest_route=\/wp\/v2\/pages\/189"}],"collection":[{"href":"http:\/\/garein.fr\/index.php?rest_route=\/wp\/v2\/pages"}],"about":[{"href":"http:\/\/garein.fr\/index.php?rest_route=\/wp\/v2\/types\/page"}],"author":[{"embeddable":true,"href":"http:\/\/garein.fr\/index.php?rest_route=\/wp\/v2\/users\/1"}],"replies":[{"embeddable":true,"href":"http:\/\/garein.fr\/index.php?rest_route=%2Fwp%2Fv2%2Fcomments&post=189"}],"version-history":[{"count":40,"href":"http:\/\/garein.fr\/index.php?rest_route=\/wp\/v2\/pages\/189\/revisions"}],"predecessor-version":[{"id":1888,"href":"http:\/\/garein.fr\/index.php?rest_route=\/wp\/v2\/pages\/189\/revisions\/1888"}],"wp:attachment":[{"href":"http:\/\/garein.fr\/index.php?rest_route=%2Fwp%2Fv2%2Fmedia&parent=189"}],"curies":[{"name":"wp","href":"https:\/\/api.w.org\/{rel}","templated":true}]}}