{"id":157,"date":"2021-06-04T12:00:10","date_gmt":"2021-06-04T10:00:10","guid":{"rendered":"http:\/\/garein.fr\/?page_id=157"},"modified":"2021-12-06T22:55:23","modified_gmt":"2021-12-06T21:55:23","slug":"patrimoine","status":"publish","type":"page","link":"http:\/\/garein.fr\/?page_id=157","title":{"rendered":"Patrimoine"},"content":{"rendered":"\n<div class=\"wp-block-cover has-background-dim\" style=\"background-image:url(http:\/\/garein.fr\/wp-content\/uploads\/2021\/07\/Garein_eglise_1.jpg);background-position:52% 43%;min-height:50px\"><div class=\"wp-block-cover__inner-container\">\n<p class=\"has-text-align-center has-white-color has-text-color has-text-vertical-align\" style=\"font-size:40px\"><strong>PATRIMOINE<\/strong><\/p>\n<\/div><\/div>\n\n\n\n<h3 class=\"has-white-color has-text-color has-background\" style=\"background-color:#dcb414\"><strong><strong>L&#8217;\u00e9glise Notre-Dame de Garein<\/strong><\/strong><\/h3>\n\n\n\n<p><strong>L&#8217;\u00e9glise Notre-Dame de Garein<\/strong>&nbsp;se trouve sous un triple patronage&nbsp;: la Vierge Marie, Saint Antoine, p\u00e8re du monachisme et Saint Jacques puisque situ\u00e9e sur une voie parall\u00e8le de Compostelle. Les \u00e9v\u00e8nements qui ont marqu\u00e9 son histoire sont tr\u00e8s mal connus. Le porche a \u00e9t\u00e9 incendi\u00e9 lors des guerres de religion. Une seule visite \u00e9piscopale au&nbsp;xviii<sup>e<\/sup>&nbsp;si\u00e8cle a \u00e9t\u00e9 r\u00e9pertori\u00e9e. Jusqu&#8217;au&nbsp;xix<sup>e<\/sup>&nbsp;si\u00e8cle, elle formait avec seulement deux maisons le centre du village.<\/p>\n\n\n\n<h5 class=\"has-text-align-left\"><strong>Construction<\/strong><\/h5>\n\n\n\n<div class=\"wp-block-image\"><figure class=\"alignleft size-full\"><img loading=\"lazy\" width=\"300\" height=\"219\" src=\"http:\/\/garein.fr\/wp-content\/uploads\/2021\/09\/Garein_e\u0301gliseINT1.jpg\" alt=\"\" class=\"wp-image-824\"\/><\/figure><\/div>\n\n\n\n<p>L&#8217;\u00e9glise originelle a \u00e9t\u00e9 construite au&nbsp;xii<sup>e<\/sup>&nbsp;si\u00e8cle. Il s&#8217;agissait d&#8217;un simple rectangle avec un clocher pignon&nbsp;: la nef actuelle. A l&#8217;ext\u00e9rieur, le c\u00f4t\u00e9 nord illustre cette construction en pierre du pays. La base du clocher pignon est tr\u00e8s visible sous le mur du clocher actuel. Cette \u00e9glise \u00e9tait perc\u00e9e de petites ouvertures sans fermeture plus proches d&#8217;une meurtri\u00e8re.<\/p>\n\n\n\n<p>Au&nbsp;xiii<sup>e<\/sup>&nbsp;si\u00e8cle, l&#8217;\u00e9glise est agrandie avec la construction d&#8217;une abside abritant le choeur et l&#8217;ancien clocher est sur\u00e9lev\u00e9. Les ouvertures restent petites, t\u00e9moin l&#8217;ouverture au centre de l&#8217;abside d\u00e9couverte lors de la derni\u00e8re restauration. Les mat\u00e9riaux utilis\u00e9s ont des sources diverses selon les disponibilit\u00e9s du moment, ce qui provoque un mariage \u00e9tonnant entre strates de briques et de pierres de plus ou moins bonne qualit\u00e9 \u00e0 la diff\u00e9rence de la construction originelle.<\/p>\n\n\n\n<p>La fortification de l&#8217;\u00e9glise n&#8217;est pas pr\u00e9cis\u00e9ment dat\u00e9e. Elle peut l&#8217;avoir \u00e9t\u00e9 d\u00e8s l&#8217;origine comme plus tardivement en lien avec les guerres de religion.<\/p>\n\n\n\n<p>Vers les&nbsp;xiv<sup>e<\/sup>\u2009\u2013\u2009xv<sup>e<\/sup>&nbsp;si\u00e8cles, une voute en ogive est construite sur la nef en remplacement du simple plafond en bois d&#8217;origine. Elle s&#8217;appuie en partie sur la charpente existante dont une \u00e9tude de datation a confirm\u00e9 sa construction du&nbsp;xii<sup>e<\/sup>&nbsp;si\u00e8cle. \u00c0 cette occasion, l&#8217;\u00e9glise a \u00e9t\u00e9 rehauss\u00e9e. Un passage sculpt\u00e9 de cette \u00e9poque est en partie visible entre la toiture de l&#8217;abside et celle de la nef c\u00f4t\u00e9 sud.<\/p>\n\n\n\n<p>Tout au d\u00e9but du&nbsp;xviii<sup>e<\/sup>&nbsp;si\u00e8cle, sans doute \u00e0 la suite d&#8217;un accroissement de la population, une chapelle lat\u00e9rale est construite sur le c\u00f4t\u00e9 sud. A la m\u00eame \u00e9poque, un porche en pierre vient remplacer celui en bois d\u00e9truit par un incendie. Les ouvertures sont agrandies et des vitraux apparaissent.<\/p>\n\n\n\n<p>\u00c0 la fin du&nbsp;xix<sup>e<\/sup>&nbsp;si\u00e8cle, d&#8217;importants travaux de restauration sont effectu\u00e9s. Le porche est rehauss\u00e9 dans le go\u00fbt du jour. Les derniers travaux de restauration lui ont redonn\u00e9 un caract\u00e8re correspondant \u00e0 celui du&nbsp;xviii<sup>e<\/sup>&nbsp;si\u00e8cle. <\/p>\n","protected":false},"excerpt":{"rendered":"<p>L&#8217;\u00e9glise Notre-Dame de Garein L&#8217;\u00e9glise Notre-Dame de Garein&nbsp;se trouve sous un triple patronage&nbsp;: la Vierge Marie, Saint Antoine, p\u00e8re du monachisme et Saint Jacques puisque situ\u00e9e sur une voie parall\u00e8le de Compostelle. Les \u00e9v\u00e8nements qui ont marqu\u00e9 son histoire sont tr\u00e8s mal connus. Le porche a \u00e9t\u00e9 incendi\u00e9 lors des guerres de religion. Une seule <a class=\"read-more\" href=\"http:\/\/garein.fr\/?page_id=157\">&#8230; En savoir plus &#8230;<\/a><\/p>\n","protected":false},"author":1,"featured_media":0,"parent":0,"menu_order":0,"comment_status":"closed","ping_status":"closed","template":"template-full-width.php","meta":[],"_links":{"self":[{"href":"http:\/\/garein.fr\/index.php?rest_route=\/wp\/v2\/pages\/157"}],"collection":[{"href":"http:\/\/garein.fr\/index.php?rest_route=\/wp\/v2\/pages"}],"about":[{"href":"http:\/\/garein.fr\/index.php?rest_route=\/wp\/v2\/types\/page"}],"author":[{"embeddable":true,"href":"http:\/\/garein.fr\/index.php?rest_route=\/wp\/v2\/users\/1"}],"replies":[{"embeddable":true,"href":"http:\/\/garein.fr\/index.php?rest_route=%2Fwp%2Fv2%2Fcomments&post=157"}],"version-history":[{"count":37,"href":"http:\/\/garein.fr\/index.php?rest_route=\/wp\/v2\/pages\/157\/revisions"}],"predecessor-version":[{"id":1447,"href":"http:\/\/garein.fr\/index.php?rest_route=\/wp\/v2\/pages\/157\/revisions\/1447"}],"wp:attachment":[{"href":"http:\/\/garein.fr\/index.php?rest_route=%2Fwp%2Fv2%2Fmedia&parent=157"}],"curies":[{"name":"wp","href":"https:\/\/api.w.org\/{rel}","templated":true}]}}