{"id":1326,"date":"2021-11-05T14:26:14","date_gmt":"2021-11-05T13:26:14","guid":{"rendered":"http:\/\/garein.fr\/?page_id=1326"},"modified":"2021-11-05T15:02:22","modified_gmt":"2021-11-05T14:02:22","slug":"gestion-des-cookies","status":"publish","type":"page","link":"http:\/\/garein.fr\/?page_id=1326","title":{"rendered":"Gestion des cookies"},"content":{"rendered":"\n<h2 class=\"has-text-align-center\">Gestion des cookies<\/h2>\n\n\n\n<ul><li>Qu\u2019est-ce qu\u2019un cookie&nbsp;?<\/li><\/ul>\n\n\n\n<p>Les cookies sont des donn\u00e9es stock\u00e9es dans l\u2019\u00e9quipement terminal d\u2019un internaute et utilis\u00e9es par le site pour envoyer des informations au navigateur de l\u2019internaute, et permettant \u00e0 ce navigateur de renvoyer des informations au site d\u2019origine (par exemple un identifiant de session, le choix d\u2019une langue ou une date).<\/p>\n\n\n\n<p>Autrement dit, les cookies, sont des informations plac\u00e9es sur votre appareil par le site internet que vous visitez.&nbsp;<\/p>\n\n\n\n<p>Les cookies peuvent impliquer la transmission d\u2019informations, soit entre vous et nous, soit \u00e0 destination d\u2019un tiers de notre part ou \u00e0 destination d\u2019un tiers en accord avec sa propre politique de confidentialit\u00e9.<\/p>\n\n\n\n<p>Les cookies permettent de conserver, pendant la dur\u00e9e de validit\u00e9 du cookie concern\u00e9, des informations d\u2019\u00e9tat lorsqu\u2019un navigateur acc\u00e8de aux diff\u00e9rentes pages d\u2019un site web ou lorsque ce navigateur retourne ult\u00e9rieurement sur ce site web. Seul l\u2019\u00e9metteur d\u2019un cookie peut lire ou modifier les informations qui y sont contenues.<\/p>\n\n\n\n<p>Les cookies ne permettent pas d\u2019identifier nominativement un utilisateur.<\/p>\n\n\n\n<p>Vous \u00eates inform\u00e9 que, lors de vos visites sur le site, des cookies peuvent \u00eatre install\u00e9s sur votre \u00e9quipement terminal.<\/p>\n\n\n\n<ul><li>Liste des cookies susceptibles d&#8217;\u00eatre d\u00e9pos\u00e9s par ce site<\/li><\/ul>\n\n\n\n<p>Il y a diff\u00e9rentes cat\u00e9gories de cookies qui peuvent \u00eatre utilis\u00e9es&nbsp;:<\/p>\n\n\n\n<ul><li>Les cookies strictement n\u00e9cessaires<\/li><\/ul>\n\n\n\n<p>Ces cookies sont n\u00e9cessaires au fonctionnement du Site. Ils vous permettent de naviguer sur le Site et d\u2019utiliser ses services et fonctionnalit\u00e9s.&nbsp;<\/p>\n\n\n\n<ul><li>Les cookies de performances<\/li><\/ul>\n\n\n\n<p>Aussi appel\u00e9 cookies de mesure d\u2019audience, ils nous permettent de d\u00e9terminer le nombre de visiteurs et les sources du trafic, afin de mesurer et d\u2019am\u00e9liorer les performances de notre site internet. Ils nous aident \u00e9galement \u00e0 identifier les pages les plus \/ moins visit\u00e9es et d\u2019\u00e9valuer comment les visiteurs naviguent sur le Site. Nous sommes \u00e9galement susceptibles d\u2019utiliser des cookies de mesure d\u2019audience sans votre consentement dans certains cas ce conform\u00e9ment \u00e0 la r\u00e9glementation en vigueur.<\/p>\n\n\n\n<ul><li>Les cookies de fonctionnalit\u00e9<\/li><\/ul>\n\n\n\n<p>Ces cookies permettent d\u2019am\u00e9liorer et de personnaliser les fonctionnalit\u00e9s du Site. Ils peuvent \u00eatre activ\u00e9s par nos \u00e9quipes, ou par des tiers dont les services sont utilis\u00e9s sur les pages de notre site Web. Si vous n&#8217;acceptez pas ces cookies, une partie ou la totalit\u00e9 de ces services risquent de ne pas fonctionner correctement.<\/p>\n\n\n\n<ul><li>Cookies de ciblage publicitaires et cookies de suivi<\/li><\/ul>\n\n\n\n<p>Ces cookies sont utilis\u00e9s afin de vous proposer des publicit\u00e9s plus adapt\u00e9es \u00e0 vos centres d\u2019int\u00e9r\u00eat. Ils enregistrent votre visite sur notre site les pages que vous avez consult\u00e9es ainsi que les liens que vous avez suivis. Nous utilisons ces informations afin de rendre notre site ainsi que les publicit\u00e9s qui y figurent, le cas \u00e9ch\u00e9ant, les plus pertinents possible au regard de vos centres d\u2019int\u00e9r\u00eat.<\/p>\n\n\n\n<ul><li>M\u00e9dia sociaux et cookies de partage de contenu<\/li><\/ul>\n\n\n\n<p>Notre Site est susceptible d\u2019inclure des contenus h\u00e9berg\u00e9s par un tiers fournisseur de contenu en ligne (par exemple YouTube) ou des plug-ins de m\u00e9dias sociaux.<\/p>\n\n\n\n<p>L\u2019utilisation de ces cookies est soumise aux politiques de protection des donn\u00e9es personnelles de ces tiers.<\/p>\n\n\n\n<p><strong>Liste des cookies utilis\u00e9s sur notre site&nbsp;:<\/strong><\/p>\n\n\n\n<figure class=\"wp-block-table\"><table><tbody><tr><td><strong>viewed_cookie_policy<\/strong> |\u00a0<\/td><td>The cookie is set by the GDPR Cookie Consent plugin and is used to store whether or not user has consented to the use of cookies. It does not store any personal data.<\/td><\/tr><tr><td><strong>cookielawinfo-checkbox-necessary<\/strong><\/td><td>This cookie is set by GDPR Cookie Consent plugin. The cookies is used to store the user consent for the cookies in the category &#8220;Necessary&#8221;.<\/td><\/tr><tr><td><strong>cookielawinfo-checkbox-functional<\/strong><\/td><td>The cookie is set by GDPR cookie consent to record the user consent for the cookies in the category &#8220;Functional&#8221;.<\/td><\/tr><tr><td><strong>cookielawinfo-checkbox-performance<\/strong><\/td><td>This cookie is set by GDPR Cookie Consent plugin. The cookie is used to store the user consent for the cookies in the category &#8220;Performance&#8221;.<\/td><\/tr><tr><td><strong>cookielawinfo-checkbox-analytics<\/strong><\/td><td>This cookie is set by GDPR Cookie Consent plugin. The cookie is used to store the user consent for the cookies in the category &#8220;Analytics&#8221;.<\/td><\/tr><\/tbody><\/table><\/figure>\n\n\n\n<ul><li>Dur\u00e9e de conservation des cookies<\/li><\/ul>\n\n\n\n<p>Les cookies demeureront sur votre navigateur pendant 13 mois maximum, \u00e0 compter de leur d\u00e9p\u00f4t sur votre terminal.<\/p>\n\n\n\n<ul><li>Comment g\u00e9rer les cookies ?<\/li><\/ul>\n\n\n\n<p>Vous pouvez g\u00e9rer la fa\u00e7on dont nous utilisons des cookies sur notre site en modifiant vos pr\u00e9f\u00e9rences concernant les cookies, en bas de la pr\u00e9sente notice Cookie ou en cliquant sur le bouton Param\u00e9trer de l\u2019interface d\u2019accueil.&nbsp;<\/p>\n\n\n\n<p>Veuillez noter que l\u2019utilisation des cookies strictement n\u00e9cessaires au bon fonctionnement du site ne requiert pas votre consentement. C\u2019est pourquoi l\u2019option \u00ab&nbsp;cookies strictement n\u00e9cessaires \u00bb est pr\u00e9 coch\u00e9e dans&nbsp;notre outil de gestion des cookies et n\u2019est pas optionnelle.<\/p>\n\n\n\n<p>Il est \u00e9galement important de noter qu\u2019en refusant certains types de cookies (les cookies de pr\u00e9f\u00e9rence par exemple), vous nous emp\u00eachez d\u2019optimiser votre exp\u00e9rience utilisateur sur notre site.&nbsp;<\/p>\n\n\n\n<p>Vous pouvez supprimer tous les cookies qui ont \u00e9t\u00e9 install\u00e9s dans le dossier des cookies de votre navigateur. Chaque navigateur propose des proc\u00e9dures diff\u00e9rentes pour g\u00e9rer vos param\u00e8tres. Cliquez sur l\u2019un des liens de navigateurs ci-dessous pour consulter leurs consignes.<\/p>\n\n\n\n<p>Exemples&nbsp;:<\/p>\n\n\n\n<ul><li>pour Microsoft Internet Explorer&nbsp;: <a href=\"http:\/\/windows.microsoft.com\/fr-FR\/windows-vista\/Block-or-allow-cookies\" target=\"_blank\" rel=\"noreferrer noopener\">http:\/\/windows.microsoft.com\/fr-FR\/windows-vista\/Block-or-allow-cookies<\/a>&nbsp;; &nbsp;<\/li><li>pour Google Chrome&nbsp;:&nbsp; &nbsp;<a href=\"http:\/\/support.google.com\/chrome\/bin\/answer.py?hl=fr&amp;hlrm=en&amp;answer=95647\" target=\"_blank\" rel=\"noreferrer noopener\">http:\/\/support.google.com\/chrome\/bin\/answer.py?<\/a><\/li><li>pour Mozilla Firefox&nbsp;: <a href=\"http:\/\/support.mozilla.org\/fr\/kb\/Activer%20et%20d%C3%A9sactiver%20les%20cookies\" target=\"_blank\" rel=\"noreferrer noopener\">http:\/\/support.mozilla.org\/fr\/kb\/Activer%20et%20d%C3%A9sactiver%20les%20cookies<\/a><\/li><li>pour Safari&nbsp;:&nbsp;<a href=\"https:\/\/support.apple.com\/fr-fr\/guide\/safari\/sfri11471\/mac\" target=\"_blank\" rel=\"noreferrer noopener\">https:\/\/support.apple.com\/fr-fr\/guide\/safari\/sfri11471\/mac<\/a>&nbsp;;<\/li><li>pour Op\u00e9ra&nbsp;: <a href=\"http:\/\/help.opera.com\/Windows\/10.20\/fr\/cookies.html\" target=\"_blank\" rel=\"noreferrer noopener\">http:\/\/help.opera.com\/Windows\/10.20\/fr\/cookies.html<\/a><\/li><\/ul>\n\n\n\n<p>Attention, en param\u00e9trant votre navigateur pour refuser les cookies, certaines fonctionnalit\u00e9s, pages et espaces du site, qui n\u00e9cessitent l\u2019utilisation de cookies, ne seront pas accessibles, ce dont nous ne saurions \u00eatre responsables.<\/p>\n\n\n\n<p>Si vous n\u2019utilisez aucun des navigateurs cit\u00e9s ci-dessus, vous devrez s\u00e9lectionner l\u2019option \u00ab cookies \u00bb dans la fonction \u00ab Aide \u00bb pour obtenir des informations concernant l\u2019emplacement de votre dossier de cookies. Pour en savoir plus sur la mani\u00e8re de param\u00e9trer vos logiciels de navigation, nous vous invitons \u00e0 consulter le site de la Commission nationale de l\u2019informatique et des libert\u00e9s&nbsp;:&nbsp;<a href=\"https:\/\/www.cnil.fr\/fr\/cookies-les-outils-pour-les-maitriser\" target=\"_blank\" rel=\"noreferrer noopener\">https:\/\/www.cnil.fr\/fr\/cookies-les-outils-pour-les-maitriser<\/a>.<\/p>\n","protected":false},"excerpt":{"rendered":"<p>Gestion des cookies Qu\u2019est-ce qu\u2019un cookie&nbsp;? Les cookies sont des donn\u00e9es stock\u00e9es dans l\u2019\u00e9quipement terminal d\u2019un internaute et utilis\u00e9es par le site pour envoyer des informations au navigateur de l\u2019internaute, et permettant \u00e0 ce navigateur de renvoyer des informations au site d\u2019origine (par exemple un identifiant de session, le choix d\u2019une langue ou une date). <a class=\"read-more\" href=\"http:\/\/garein.fr\/?page_id=1326\">&#8230; En savoir plus &#8230;<\/a><\/p>\n","protected":false},"author":1,"featured_media":0,"parent":0,"menu_order":0,"comment_status":"closed","ping_status":"closed","template":"","meta":[],"_links":{"self":[{"href":"http:\/\/garein.fr\/index.php?rest_route=\/wp\/v2\/pages\/1326"}],"collection":[{"href":"http:\/\/garein.fr\/index.php?rest_route=\/wp\/v2\/pages"}],"about":[{"href":"http:\/\/garein.fr\/index.php?rest_route=\/wp\/v2\/types\/page"}],"author":[{"embeddable":true,"href":"http:\/\/garein.fr\/index.php?rest_route=\/wp\/v2\/users\/1"}],"replies":[{"embeddable":true,"href":"http:\/\/garein.fr\/index.php?rest_route=%2Fwp%2Fv2%2Fcomments&post=1326"}],"version-history":[{"count":8,"href":"http:\/\/garein.fr\/index.php?rest_route=\/wp\/v2\/pages\/1326\/revisions"}],"predecessor-version":[{"id":1340,"href":"http:\/\/garein.fr\/index.php?rest_route=\/wp\/v2\/pages\/1326\/revisions\/1340"}],"wp:attachment":[{"href":"http:\/\/garein.fr\/index.php?rest_route=%2Fwp%2Fv2%2Fmedia&parent=1326"}],"curies":[{"name":"wp","href":"https:\/\/api.w.org\/{rel}","templated":true}]}}