{"id":116,"date":"2021-05-24T12:04:58","date_gmt":"2021-05-24T10:04:58","guid":{"rendered":"http:\/\/garein.fr\/?page_id=116"},"modified":"2021-10-21T11:54:11","modified_gmt":"2021-10-21T09:54:11","slug":"clicis","status":"publish","type":"page","link":"http:\/\/garein.fr\/?page_id=116","title":{"rendered":"CLICIS"},"content":{"rendered":"\n<figure class=\"wp-block-image size-large\"><img loading=\"lazy\" width=\"603\" height=\"311\" src=\"http:\/\/garein.fr\/wp-content\/uploads\/2021\/05\/LOGO-CLICIS-M-GAREIN.jpg\" alt=\"LOGO-CLICIS-M-GAREIN\" class=\"wp-image-118\" srcset=\"http:\/\/garein.fr\/wp-content\/uploads\/2021\/05\/LOGO-CLICIS-M-GAREIN.jpg 603w, http:\/\/garein.fr\/wp-content\/uploads\/2021\/05\/LOGO-CLICIS-M-GAREIN-300x155.jpg 300w\" sizes=\"(max-width: 603px) 100vw, 603px\" \/><figcaption> <br><strong>Christian Labatut I<\/strong>nternet <strong>C<\/strong>ommunication <strong>I<\/strong>mage <strong>S<\/strong>ervice  <\/figcaption><\/figure>\n\n\n<p class=\"subtitle\">Un site internet est une vitrine. Aujourd&#8217;hui, tout se passe sur le net et tout le monde a besoin d&#8217;\u00eatre vu pour exister.<\/p>\n<p class=\"subtitle\">C\u2019est sur la base de vos objectifs que vous allez choisir le type de site internet que vous voulez obtenir.<\/p>\n<h3>SITE WEB RESPONSIVE<\/h3>\n<p class=\"subtitle\">Le Responsive Web design est une approche de conception Web qui vise \u00e0 l&#8217;\u00e9laboration de sites offrant une exp\u00e9rience de lecture et de navigation optimales pour l&#8217;utilisateur quelle que soit sa gamme d&#8217;appareil (t\u00e9l\u00e9phones mobiles, tablettes, liseuses, moniteurs d&#8217;ordinateur de bureau).<\/p>\n<p><\/p>\n\n\n<figure class=\"wp-block-image size-large is-resized\"><img loading=\"lazy\" src=\"http:\/\/garein.fr\/wp-content\/uploads\/2021\/05\/new_site_-web_cercles-gascogne-responsive-M-GAREIN-1024x540.jpg\" alt=\"\" class=\"wp-image-122\" width=\"672\" height=\"354\" srcset=\"http:\/\/garein.fr\/wp-content\/uploads\/2021\/05\/new_site_-web_cercles-gascogne-responsive-M-GAREIN-1024x540.jpg 1024w, http:\/\/garein.fr\/wp-content\/uploads\/2021\/05\/new_site_-web_cercles-gascogne-responsive-M-GAREIN-300x158.jpg 300w, http:\/\/garein.fr\/wp-content\/uploads\/2021\/05\/new_site_-web_cercles-gascogne-responsive-M-GAREIN-768x405.jpg 768w, http:\/\/garein.fr\/wp-content\/uploads\/2021\/05\/new_site_-web_cercles-gascogne-responsive-M-GAREIN.jpg 1338w\" sizes=\"(max-width: 672px) 100vw, 672px\" \/><\/figure>\n\n\n\n<p><\/p>\n\n\n\n\n\n\n\n<p style=\"font-size:24px\"><strong><span class=\"has-inline-color has-vivid-purple-color\"><img loading=\"lazy\" width=\"37\" height=\"34\" src=\"http:\/\/floraliesdegarein.fr\/wp-content\/uploads\/2020\/04\/tel-floralies-marron-300x278.png\" alt=\"\"><\/span><\/strong>  <span style=\"color:#c35b27\" class=\"has-inline-color\">06 70 31 92 87<\/span><\/p>\n\n\n\n<p><\/p>\n","protected":false},"excerpt":{"rendered":"<p>Un site internet est une vitrine. Aujourd&#8217;hui, tout se passe sur le net et tout le monde a besoin d&#8217;\u00eatre vu pour exister. C\u2019est sur la base de vos objectifs que vous allez choisir le type de site internet que vous voulez obtenir. SITE WEB RESPONSIVE Le Responsive Web design est une approche de conception <a class=\"read-more\" href=\"http:\/\/garein.fr\/?page_id=116\">&#8230; En savoir plus &#8230;<\/a><\/p>\n","protected":false},"author":1,"featured_media":0,"parent":0,"menu_order":0,"comment_status":"closed","ping_status":"closed","template":"","meta":[],"_links":{"self":[{"href":"http:\/\/garein.fr\/index.php?rest_route=\/wp\/v2\/pages\/116"}],"collection":[{"href":"http:\/\/garein.fr\/index.php?rest_route=\/wp\/v2\/pages"}],"about":[{"href":"http:\/\/garein.fr\/index.php?rest_route=\/wp\/v2\/types\/page"}],"author":[{"embeddable":true,"href":"http:\/\/garein.fr\/index.php?rest_route=\/wp\/v2\/users\/1"}],"replies":[{"embeddable":true,"href":"http:\/\/garein.fr\/index.php?rest_route=%2Fwp%2Fv2%2Fcomments&post=116"}],"version-history":[{"count":8,"href":"http:\/\/garein.fr\/index.php?rest_route=\/wp\/v2\/pages\/116\/revisions"}],"predecessor-version":[{"id":1228,"href":"http:\/\/garein.fr\/index.php?rest_route=\/wp\/v2\/pages\/116\/revisions\/1228"}],"wp:attachment":[{"href":"http:\/\/garein.fr\/index.php?rest_route=%2Fwp%2Fv2%2Fmedia&parent=116"}],"curies":[{"name":"wp","href":"https:\/\/api.w.org\/{rel}","templated":true}]}}